{"id":12,"date":"2013-04-22T09:09:42","date_gmt":"2013-04-22T08:09:42","guid":{"rendered":"http:\/\/www.kielberg.dk\/?page_id=12"},"modified":"2014-03-21T00:28:18","modified_gmt":"2014-03-20T23:28:18","slug":"egnsbeskrivelser","status":"publish","type":"page","link":"http:\/\/www.kielberg.dk\/?page_id=12","title":{"rendered":"Lolland &#8211; historier og steder"},"content":{"rendered":"<p>En bog om Lolland.<\/p>\n<p>En bog af Mogens Hansen og Mikael Kielberg. De to forfattere, der er opvokset p\u00e5 Lolland, tager p\u00e5 en rejse rundt til velkendte og ukendte steder.<\/p>\n<p>En bog om positive fort\u00e6llinger om mennesker, liv og kultur.<\/p>\n<p>Bogen handler om livsvilk\u00e5r, landliv, industri, boliger, maleri, litteratur, historie, og om landskaber og natur. Den er en mosaik, som gennem 40 essays beskriver Lolland, og som tr\u00e6kker p\u00e5 forfatternes egne oplevelser og erindringer. Det er en fort\u00e6lling om mennesker, liv og kultur gennem tiderne &#8211; og om kendte personer, erhvervsm\u00e6nd, forfattere, malere, godsejere og vision\u00e6re foregangsm\u00e6nd.<\/p>\n<p>Bogen er ogs\u00e5 et h\u00e6vntogt p\u00e5 karaktermordet p\u00e5 Lolland og \u00f8ens beboere.<\/p>\n<p>Bogen er under udarbejdelse.<\/p>\n<p>Du er velkommen til at skrive til os, hvis du har noget godt at sige, en god historie eller lyst til at fort\u00e6lle om smukke steder: mikael@kielberg.dk.<\/p>\n","protected":false},"excerpt":{"rendered":"<p>En bog om Lolland. En bog af Mogens Hansen og Mikael Kielberg. De to forfattere, der er opvokset p\u00e5 Lolland, tager p\u00e5 en rejse rundt til velkendte og ukendte steder. En bog om positive fort\u00e6llinger om mennesker, liv og kultur. Bogen handler om livsvilk\u00e5r, landliv, industri, boliger, maleri, litteratur, historie, og om landskaber og natur. [&hellip;]<\/p>\n","protected":false},"author":1,"featured_media":0,"parent":14,"menu_order":3,"comment_status":"closed","ping_status":"closed","template":"","meta":{"footnotes":""},"class_list":["post-12","page","type-page","status-publish","hentry"],"_links":{"self":[{"href":"http:\/\/www.kielberg.dk\/index.php?rest_route=\/wp\/v2\/pages\/12","targetHints":{"allow":["GET"]}}],"collection":[{"href":"http:\/\/www.kielberg.dk\/index.php?rest_route=\/wp\/v2\/pages"}],"about":[{"href":"http:\/\/www.kielberg.dk\/index.php?rest_route=\/wp\/v2\/types\/page"}],"author":[{"embeddable":true,"href":"http:\/\/www.kielberg.dk\/index.php?rest_route=\/wp\/v2\/users\/1"}],"replies":[{"embeddable":true,"href":"http:\/\/www.kielberg.dk\/index.php?rest_route=%2Fwp%2Fv2%2Fcomments&post=12"}],"version-history":[{"count":14,"href":"http:\/\/www.kielberg.dk\/index.php?rest_route=\/wp\/v2\/pages\/12\/revisions"}],"predecessor-version":[{"id":72,"href":"http:\/\/www.kielberg.dk\/index.php?rest_route=\/wp\/v2\/pages\/12\/revisions\/72"}],"up":[{"embeddable":true,"href":"http:\/\/www.kielberg.dk\/index.php?rest_route=\/wp\/v2\/pages\/14"}],"wp:attachment":[{"href":"http:\/\/www.kielberg.dk\/index.php?rest_route=%2Fwp%2Fv2%2Fmedia&parent=12"}],"curies":[{"name":"wp","href":"https:\/\/api.w.org\/{rel}","templated":true}]}}